{"id":384,"date":"2020-01-13T11:17:52","date_gmt":"2020-01-13T11:17:52","guid":{"rendered":"https:\/\/demosites.io\/web-agency-gb\/?page_id=5"},"modified":"2025-10-28T18:06:44","modified_gmt":"2025-10-28T21:06:44","slug":"15c42-web-agency-gb-home","status":"publish","type":"page","link":"https:\/\/dellinecontabilidade.com.br\/","title":{"rendered":"Home"},"content":{"rendered":"\n<div class=\"wp-block-cover alignfull\" style=\"min-height:700px;aspect-ratio:unset;\"><img loading=\"lazy\" decoding=\"async\" width=\"740\" height=\"416\" class=\"wp-block-cover__image-background wp-image-423 size-full\" alt=\"\" src=\"http:\/\/dellinecontabilidade.com.br\/wp-content\/uploads\/2025\/10\/elementos-de-negocios-financeiros-em-vista-superior_23-2148793757.avif\" data-object-fit=\"cover\" srcset=\"https:\/\/dellinecontabilidade.com.br\/wp-content\/uploads\/2025\/10\/elementos-de-negocios-financeiros-em-vista-superior_23-2148793757.avif 740w, https:\/\/dellinecontabilidade.com.br\/wp-content\/uploads\/2025\/10\/elementos-de-negocios-financeiros-em-vista-superior_23-2148793757-300x169.avif 300w\" sizes=\"auto, (max-width: 740px) 100vw, 740px\" \/><span aria-hidden=\"true\" class=\"wp-block-cover__background has-nv-light-bg-background-color has-background-dim-70 has-background-dim\"><\/span><div class=\"wp-block-cover__inner-container is-layout-flow wp-block-cover-is-layout-flow\">\n<p class=\"has-text-align-center has-neve-text-color-color has-text-color has-link-color has-medium-font-size wp-elements-76356b2b0c89dc87801a3986e8498e8f\"><strong>Delline Contabilidade<\/strong> \u00e9 uma empresa especializada em solu\u00e7\u00f5es cont\u00e1beis completas para pessoas f\u00edsicas e jur\u00eddicas. Unimos tecnologia, transpar\u00eancia e atendimento personalizado para simplificar sua rotina financeira, garantindo conformidade, efici\u00eancia e crescimento sustent\u00e1vel para o seu neg\u00f3cio.<\/p>\n<\/div><\/div>\n\n\n\n<hr class=\"wp-block-separator has-alpha-channel-opacity\"\/>\n\n\n\n<div class=\"wp-block-cover alignfull\" style=\"min-height:600px;aspect-ratio:unset;\"><span aria-hidden=\"true\" class=\"wp-block-cover__background has-nv-light-bg-background-color has-background-dim-100 has-background-dim\"><\/span><div class=\"wp-block-cover__inner-container is-layout-flow wp-block-cover-is-layout-flow\">\n<div class=\"wp-block-group\"><div class=\"wp-block-group__inner-container is-layout-flow wp-block-group-is-layout-flow\">\n<div style=\"height:80px\" aria-hidden=\"true\" class=\"wp-block-spacer\"><\/div>\n\n\n\n<div class=\"wp-block-columns are-vertically-aligned-center is-layout-flex wp-container-core-columns-is-layout-9d6595d7 wp-block-columns-is-layout-flex\">\n<div class=\"wp-block-column is-vertically-aligned-center is-layout-flow wp-block-column-is-layout-flow\" style=\"flex-basis:50%\">\n<figure class=\"wp-block-image size-full\"><img loading=\"lazy\" decoding=\"async\" width=\"512\" height=\"512\" src=\"http:\/\/dellinecontabilidade.com.br\/wp-content\/uploads\/2025\/10\/cropped-navbar-logo.png\" alt=\"\" class=\"wp-image-8\" srcset=\"https:\/\/dellinecontabilidade.com.br\/wp-content\/uploads\/2025\/10\/cropped-navbar-logo.png 512w, https:\/\/dellinecontabilidade.com.br\/wp-content\/uploads\/2025\/10\/cropped-navbar-logo-300x300.png 300w, https:\/\/dellinecontabilidade.com.br\/wp-content\/uploads\/2025\/10\/cropped-navbar-logo-150x150.png 150w, https:\/\/dellinecontabilidade.com.br\/wp-content\/uploads\/2025\/10\/cropped-navbar-logo-270x270.png 270w, https:\/\/dellinecontabilidade.com.br\/wp-content\/uploads\/2025\/10\/cropped-navbar-logo-192x192.png 192w, https:\/\/dellinecontabilidade.com.br\/wp-content\/uploads\/2025\/10\/cropped-navbar-logo-180x180.png 180w, https:\/\/dellinecontabilidade.com.br\/wp-content\/uploads\/2025\/10\/cropped-navbar-logo-32x32.png 32w\" sizes=\"auto, (max-width: 512px) 100vw, 512px\" \/><\/figure>\n<\/div>\n\n\n\n<div class=\"wp-block-column is-vertically-aligned-center is-layout-flow wp-block-column-is-layout-flow\" style=\"flex-basis:50%\">\n<div style=\"height:20px\" aria-hidden=\"true\" class=\"wp-block-spacer\"><\/div>\n\n\n\n<h2 class=\"wp-block-heading has-text-align-left has-neve-text-color-color has-text-color\">Ar\u00e9a do Cliente<\/h2>\n\n\n\n<p class=\"has-text-align-left has-neve-text-color-color has-text-color\" style=\"font-size:17px\">Acesse o portal para visualizar documentos, acompanhar servi\u00e7os cont\u00e1beis e gerenciar informa\u00e7\u00f5es da sua empresa com seguran\u00e7a.<\/p>\n\n\n\n<div class=\"wp-block-buttons is-horizontal is-content-justification-left is-layout-flex wp-container-core-buttons-is-layout-7e5fce0a wp-block-buttons-is-layout-flex\">\n<div class=\"wp-block-button is-style-primary\"><a class=\"wp-block-button__link has-medium-font-size has-custom-font-size wp-element-button\" href=\"https:\/\/cliente.dellinecontabilidade.com.br\/\">CLIQUE AQUI<\/a><\/div>\n<\/div>\n<\/div>\n<\/div>\n\n\n\n<div style=\"height:40px\" aria-hidden=\"true\" class=\"wp-block-spacer\"><\/div>\n<\/div><\/div>\n<\/div><\/div>\n\n\n\n<hr class=\"wp-block-separator has-alpha-channel-opacity\"\/>\n\n\n\n<p><\/p>\n","protected":false},"excerpt":{"rendered":"","protected":false},"author":1,"featured_media":0,"parent":0,"menu_order":0,"comment_status":"closed","ping_status":"closed","template":"","meta":{"neve_meta_sidebar":"default","neve_meta_container":"default","neve_meta_enable_content_width":"on","neve_meta_content_width":100,"neve_meta_title_alignment":"","neve_meta_author_avatar":"","neve_post_elements_order":"","neve_meta_disable_header":"","neve_meta_disable_footer":"","neve_meta_disable_title":"on","_themeisle_gutenberg_block_has_review":false,"footnotes":""},"class_list":["post-384","page","type-page","status-publish","hentry"],"_links":{"self":[{"href":"https:\/\/dellinecontabilidade.com.br\/index.php\/wp-json\/wp\/v2\/pages\/384","targetHints":{"allow":["GET"]}}],"collection":[{"href":"https:\/\/dellinecontabilidade.com.br\/index.php\/wp-json\/wp\/v2\/pages"}],"about":[{"href":"https:\/\/dellinecontabilidade.com.br\/index.php\/wp-json\/wp\/v2\/types\/page"}],"author":[{"embeddable":true,"href":"https:\/\/dellinecontabilidade.com.br\/index.php\/wp-json\/wp\/v2\/users\/1"}],"replies":[{"embeddable":true,"href":"https:\/\/dellinecontabilidade.com.br\/index.php\/wp-json\/wp\/v2\/comments?post=384"}],"version-history":[{"count":6,"href":"https:\/\/dellinecontabilidade.com.br\/index.php\/wp-json\/wp\/v2\/pages\/384\/revisions"}],"predecessor-version":[{"id":424,"href":"https:\/\/dellinecontabilidade.com.br\/index.php\/wp-json\/wp\/v2\/pages\/384\/revisions\/424"}],"wp:attachment":[{"href":"https:\/\/dellinecontabilidade.com.br\/index.php\/wp-json\/wp\/v2\/media?parent=384"}],"curies":[{"name":"wp","href":"https:\/\/api.w.org\/{rel}","templated":true}]}}